{"id":18770,"date":"2026-02-27T10:55:15","date_gmt":"2026-02-27T09:55:15","guid":{"rendered":"https:\/\/www.lsvr-solutions.com\/?page_id=18770"},"modified":"2026-02-27T10:55:15","modified_gmt":"2026-02-27T09:55:15","slug":"declaration-daccessibilite","status":"publish","type":"page","link":"https:\/\/www.lsvr-solutions.com\/en\/declaration-daccessibilite\/","title":{"rendered":"D\u00e9claration d&rsquo;accessibilit\u00e9"},"content":{"rendered":"<p><strong>LSVR Solutions<\/strong> s\u2019engage \u00e0 rendre ses sites internet, intranet, extranet et ses progiciels accessibles (et ses applications mobiles et mobilier urbain num\u00e9rique) conform\u00e9ment \u00e0 l\u2019article 47 de la loi n<sup>o<\/sup>&nbsp;2005-102 du 11&nbsp;f\u00e9vrier 2005.<\/p>\n<p>Cette d\u00e9claration d\u2019accessibilit\u00e9 s\u2019applique \u00e0 <strong>https:\/\/www.lsvr-solutions.com<\/strong>.<\/p>\n<h2>\u00c9tat de conformit\u00e9<\/h2>\n<p><strong>LSVR <a target=\"_blank\" href=\"https:\/\/www.lsvr-solutions.com\/en\/\" rel=\"noreferrer noopener\">https:\/\/www.lsvr-solutions.com <span>(nouvelle fen\u00eatre)<\/span><\/a><\/strong> est <strong>partiellement conforme<\/strong> avec le r\u00e9f\u00e9rentiel g\u00e9n\u00e9ral d\u2019am\u00e9lioration de l\u2019accessibilit\u00e9 (RGAA).<\/p>\n<h3>R\u00e9sultats des tests<\/h3>\n<p>L\u2019audit de conformit\u00e9 r\u00e9alis\u00e9 par <strong>Ukoo<\/strong> r\u00e9v\u00e8le que <strong>56&nbsp;%<\/strong> des crit\u00e8res du RGAA version 4.1.2 sont respect\u00e9s.<\/p>\n<h2> \u00c9tablissement de cette d\u00e9claration d\u2019accessibilit\u00e9 <\/h2>\n<p>Cette d\u00e9claration a \u00e9t\u00e9 \u00e9tablie le 27 f\u00e9vrier 2026.<\/p>\n<h3> Technologies utilis\u00e9es pour la r\u00e9alisation de l\u2019audit <\/h3>\n<ul>\n  <li>HTML<\/li>\n  <li>CSS<\/li>\n  <li>Javascript<\/li>\n<\/ul>\n<h3>Environnement de test<\/h3>\n<p>Les v\u00e9rifications de restitution de contenus ont \u00e9t\u00e9 r\u00e9alis\u00e9es sur la base de la combinaison fournie par la base de r\u00e9f\u00e9rence du RGAA, avec les versions suivantes&nbsp;:<\/p>\n<ul>\n  <li> Sur Ordinateur Windows avec Chrome et NVDA<\/li>\n<\/ul>\n<h3>Outils pour \u00e9valuer l\u2019accessibilit\u00e9<\/h3>\n<ul>\n  <li>Web Developer Toolbar<\/li>\n  <li>WCAG Contrast checker<\/li>\n  <li>HeadingsMap<\/li>\n  <li>Validateur HTML du W3C<\/li>\n  <li>Tanaguru webext<\/li>\n<\/ul>\n<h3> Pages du site ayant fait l\u2019objet de la v\u00e9rification de conformit\u00e9 <\/h3>\n<ul>\n  <li>Home <strong>https:\/\/www.lsvr-solutions.com<\/strong><\/li>\n  <li>Qui sommes-nous ? <strong>https:\/\/www.lsvr-solutions.com\/qui-sommes-nous\/<\/strong><\/li>\n  <li>Support Services <strong>https:\/\/www.lsvr-solutions.com\/accompagnements\/<\/strong><\/li>\n  <li>Supply Chain <strong>https:\/\/www.lsvr-solutions.com\/services\/chaine-dapprovisionnement\/<\/strong><\/li>\n  <li>Contact Us <strong>https:\/\/www.lsvr-solutions.com\/contact\/<\/strong><\/li>\n  <li>Legals <strong>https:\/\/www.lsvr-solutions.com\/mentions-legales\/<\/strong><\/li>\n<\/ul>\n<h2>Retour d\u2019information et contact<\/h2>\n<p>Si vous n\u2019arrivez pas \u00e0 acc\u00e9der \u00e0 un contenu ou \u00e0 un service, vous pouvez contacter le responsable de LSVR pour \u00eatre orient\u00e9 vers une alternative accessible ou obtenir le contenu sous une autre forme.<\/p>\n<ul>\n  <li> Contacter <strong>LSVR Solutions&nbsp;: contact@lsvr-solutions.com<\/strong><\/li>\n<\/ul>\n<h2>Voies de recours<\/h2>\n<p>Si vous constatez un d\u00e9faut d\u2019accessibilit\u00e9 vous emp\u00eachant d\u2019acc\u00e9der \u00e0 un contenu ou une fonctionnalit\u00e9 du site, que vous nous le signalez et que vous ne parvenez pas \u00e0 obtenir une r\u00e9ponse de notre part, vous \u00eates en droit de faire parvenir vos dol\u00e9ances ou une demande de saisine au D\u00e9fenseur des droits.<\/p>\n<p>Plusieurs moyens sont \u00e0 votre disposition&nbsp;:<\/p>\n<ul>\n  <li><a href=\"https:\/\/formulaire.defenseurdesdroits.fr\/formulaire_saisine\" target=\"_blank\"> \u00c9crire un message au D\u00e9fenseur des droits <span>(nouvelle fen\u00eatre)<\/span><\/a><\/li>\n  <li><a href=\"https:\/\/www.defenseurdesdroits.fr\/carte-des-delegues\" target=\"_blank\"> Contacter le d\u00e9l\u00e9gu\u00e9 du D\u00e9fenseur des droits dans votre r\u00e9gion <span>(nouvelle fen\u00eatre)<\/span><\/a><\/li>\n  <li> Envoyer un courrier par la poste (gratuit, ne pas mettre de timbre) \u00e0&nbsp;:<br><span>D\u00e9fenseur des droits<br> Libre r\u00e9ponse 71120<br> 75342 Paris CEDEX 07<\/span><\/li>\n<\/ul>\n\n\n\n\n<p><\/p>","protected":false},"excerpt":{"rendered":"<p>LSVR Solutions s\u2019engage \u00e0 rendre ses sites internet, intranet, extranet et ses progiciels accessibles (et ses applications mobiles et mobilier urbain num\u00e9rique) conform\u00e9ment \u00e0 l\u2019article 47 de la loi no&nbsp;2005-102&hellip;<\/p>","protected":false},"author":1,"featured_media":0,"parent":0,"menu_order":0,"comment_status":"closed","ping_status":"closed","template":"","meta":{"footnotes":""},"class_list":["post-18770","page","type-page","status-publish","hentry"],"_links":{"self":[{"href":"https:\/\/www.lsvr-solutions.com\/en\/wp-json\/wp\/v2\/pages\/18770","targetHints":{"allow":["GET"]}}],"collection":[{"href":"https:\/\/www.lsvr-solutions.com\/en\/wp-json\/wp\/v2\/pages"}],"about":[{"href":"https:\/\/www.lsvr-solutions.com\/en\/wp-json\/wp\/v2\/types\/page"}],"author":[{"embeddable":true,"href":"https:\/\/www.lsvr-solutions.com\/en\/wp-json\/wp\/v2\/users\/1"}],"replies":[{"embeddable":true,"href":"https:\/\/www.lsvr-solutions.com\/en\/wp-json\/wp\/v2\/comments?post=18770"}],"version-history":[{"count":1,"href":"https:\/\/www.lsvr-solutions.com\/en\/wp-json\/wp\/v2\/pages\/18770\/revisions"}],"predecessor-version":[{"id":18771,"href":"https:\/\/www.lsvr-solutions.com\/en\/wp-json\/wp\/v2\/pages\/18770\/revisions\/18771"}],"wp:attachment":[{"href":"https:\/\/www.lsvr-solutions.com\/en\/wp-json\/wp\/v2\/media?parent=18770"}],"curies":[{"name":"wp","href":"https:\/\/api.w.org\/{rel}","templated":true}]}}