{"id":18588,"date":"2023-03-28T15:33:10","date_gmt":"2023-03-28T13:33:10","guid":{"rendered":"https:\/\/www.lsvr-solutions.com\/?page_id=18588"},"modified":"2023-03-28T15:33:47","modified_gmt":"2023-03-28T13:33:47","slug":"orga-event-confirmation","status":"publish","type":"page","link":"https:\/\/www.lsvr-solutions.com\/en\/orga-event-confirmation\/","title":{"rendered":"Orga Event: confirmation"},"content":{"rendered":"<div data-elementor-type=\"wp-page\" data-elementor-id=\"18588\" class=\"elementor elementor-18588\" data-elementor-post-type=\"page\">\n\t\t\t\t\t\t<section class=\"elementor-section elementor-top-section elementor-element elementor-element-21007b6 elementor-section-stretched scheme_light elementor-section-boxed elementor-section-height-default elementor-section-height-default sc_fly_static\" data-id=\"21007b6\" data-element_type=\"section\" data-e-type=\"section\" data-settings=\"{&quot;stretch_section&quot;:&quot;section-stretched&quot;,&quot;background_background&quot;:&quot;classic&quot;}\">\n\t\t\t\t\t\t\t<div class=\"elementor-background-overlay\"><\/div>\n\t\t\t\t\t\t\t<div class=\"elementor-container elementor-column-gap-extended\">\n\t\t\t\t\t<div class=\"elementor-column elementor-col-100 elementor-top-column elementor-element elementor-element-cfe325e sc_content_align_inherit sc_layouts_column_icons_position_left sc_fly_static\" data-id=\"cfe325e\" data-element_type=\"column\" data-e-type=\"column\">\n\t\t\t<div class=\"elementor-widget-wrap elementor-element-populated\">\n\t\t\t\t\t\t<div class=\"elementor-element elementor-element-30180d7 sc_fly_static elementor-widget elementor-widget-html\" data-id=\"30180d7\" data-element_type=\"widget\" data-e-type=\"widget\" data-widget_type=\"html.default\">\n\t\t\t\t<div class=\"elementor-widget-container\">\n\t\t\t\t\t<p>Votre message a \u00e9t\u00e9 envoy\u00e9 avec succ\u00e8s. Nous reviendrons vers vous dans les plus brefs d\u00e9lais.<\/p>\r\n\r\n <script type=\"text\/javascript\">\r\n\r\n               dataLayer.push({\r\n                    'event': 'confirmation-orgaevent',\r\n                    'virtualDocumentPath': '\/confirmation-orgaevent',\r\n                     'virtualDocumentTitle': 'Page de confirmation Orga event'\r\n                });\r\n\r\n        <\/script>\t\t\t\t<\/div>\n\t\t\t\t<\/div>\n\t\t\t\t\t<\/div>\n\t\t<\/div>\n\t\t\t\t\t<\/div>\n\t\t<\/section>\n\t\t\t\t<section class=\"elementor-section elementor-top-section elementor-element elementor-element-6319f4c elementor-section-stretched scheme_light elementor-section-boxed elementor-section-height-default elementor-section-height-default sc_fly_static\" data-id=\"6319f4c\" data-element_type=\"section\" data-e-type=\"section\" data-settings=\"{&quot;stretch_section&quot;:&quot;section-stretched&quot;,&quot;background_background&quot;:&quot;classic&quot;}\">\n\t\t\t\t\t\t\t<div class=\"elementor-background-overlay\"><\/div>\n\t\t\t\t\t\t\t<div class=\"elementor-container elementor-column-gap-extended\">\n\t\t\t\t\t<div class=\"elementor-column elementor-col-100 elementor-top-column elementor-element elementor-element-97d9e73 sc_content_align_inherit sc_layouts_column_icons_position_left sc_fly_static\" data-id=\"97d9e73\" data-element_type=\"column\" data-e-type=\"column\">\n\t\t\t<div class=\"elementor-widget-wrap elementor-element-populated\">\n\t\t\t\t\t\t<div class=\"elementor-element elementor-element-906ea0c sc_height_medium sc_fly_static elementor-widget elementor-widget-spacer\" data-id=\"906ea0c\" data-element_type=\"widget\" data-e-type=\"widget\" data-widget_type=\"spacer.default\">\n\t\t\t\t<div class=\"elementor-widget-container\">\n\t\t\t\t\t\t\t<div class=\"elementor-spacer\">\n\t\t\t<div class=\"elementor-spacer-inner\"><\/div>\n\t\t<\/div>\n\t\t\t\t\t\t<\/div>\n\t\t\t\t<\/div>\n\t\t\t\t<div class=\"elementor-element elementor-element-838bc58 sc_fly_static elementor-widget elementor-widget-html\" data-id=\"838bc58\" data-element_type=\"widget\" data-e-type=\"widget\" data-widget_type=\"html.default\">\n\t\t\t\t<div class=\"elementor-widget-container\">\n\t\t\t\t\t<center><\/center><div class=\"uk-lsvr__squares\" aria-hidden=\"true\"><\/div><\/center>\t\t\t\t<\/div>\n\t\t\t\t<\/div>\n\t\t\t\t\t<\/div>\n\t\t<\/div>\n\t\t\t\t\t<\/div>\n\t\t<\/section>\n\t\t\t\t<\/div>","protected":false},"excerpt":{"rendered":"<p>Votre message a \u00e9t\u00e9 envoy\u00e9 avec succ\u00e8s. Nous reviendrons vers vous dans les plus brefs d\u00e9lais.<\/p>","protected":false},"author":1,"featured_media":0,"parent":0,"menu_order":0,"comment_status":"closed","ping_status":"closed","template":"","meta":{"footnotes":""},"class_list":["post-18588","page","type-page","status-publish","hentry"],"_links":{"self":[{"href":"https:\/\/www.lsvr-solutions.com\/en\/wp-json\/wp\/v2\/pages\/18588","targetHints":{"allow":["GET"]}}],"collection":[{"href":"https:\/\/www.lsvr-solutions.com\/en\/wp-json\/wp\/v2\/pages"}],"about":[{"href":"https:\/\/www.lsvr-solutions.com\/en\/wp-json\/wp\/v2\/types\/page"}],"author":[{"embeddable":true,"href":"https:\/\/www.lsvr-solutions.com\/en\/wp-json\/wp\/v2\/users\/1"}],"replies":[{"embeddable":true,"href":"https:\/\/www.lsvr-solutions.com\/en\/wp-json\/wp\/v2\/comments?post=18588"}],"version-history":[{"count":5,"href":"https:\/\/www.lsvr-solutions.com\/en\/wp-json\/wp\/v2\/pages\/18588\/revisions"}],"predecessor-version":[{"id":18626,"href":"https:\/\/www.lsvr-solutions.com\/en\/wp-json\/wp\/v2\/pages\/18588\/revisions\/18626"}],"wp:attachment":[{"href":"https:\/\/www.lsvr-solutions.com\/en\/wp-json\/wp\/v2\/media?parent=18588"}],"curies":[{"name":"wp","href":"https:\/\/api.w.org\/{rel}","templated":true}]}}