{"id":18251,"date":"2023-03-17T09:39:28","date_gmt":"2023-03-17T08:39:28","guid":{"rendered":"https:\/\/www.lsvr-solutions.com\/?page_id=18251"},"modified":"2023-03-17T09:48:39","modified_gmt":"2023-03-17T08:48:39","slug":"politique-de-confidentialite","status":"publish","type":"page","link":"https:\/\/www.lsvr-solutions.com\/en\/politique-de-confidentialite\/","title":{"rendered":"Privacy Policy"},"content":{"rendered":"<div data-elementor-type=\"wp-page\" data-elementor-id=\"18251\" class=\"elementor elementor-18251\" data-elementor-post-type=\"page\">\n\t\t\t\t\t\t<section class=\"elementor-section elementor-top-section elementor-element elementor-element-8b560c6 elementor-section-boxed elementor-section-height-default elementor-section-height-default sc_fly_static\" data-id=\"8b560c6\" data-element_type=\"section\" data-e-type=\"section\">\n\t\t\t\t\t\t<div class=\"elementor-container elementor-column-gap-extended\">\n\t\t\t\t\t<div class=\"elementor-column elementor-col-100 elementor-top-column elementor-element elementor-element-2de73e0 sc_content_align_inherit sc_layouts_column_icons_position_left sc_fly_static\" data-id=\"2de73e0\" data-element_type=\"column\" data-e-type=\"column\">\n\t\t\t<div class=\"elementor-widget-wrap elementor-element-populated\">\n\t\t\t\t\t\t<div class=\"elementor-element elementor-element-f4876e7 sc_fly_static elementor-widget elementor-widget-text-editor\" data-id=\"f4876e7\" data-element_type=\"widget\" data-e-type=\"widget\" data-widget_type=\"text-editor.default\">\n\t\t\t\t<div class=\"elementor-widget-container\">\n\t\t\t\t\t\t\t\t\t<p>LSVR Solutions accorde une importance toute particuli\u00e8re au droit \u00e0 la vie priv\u00e9e des internautes et s\u2019engage \u00e0 prot\u00e9ger leurs donn\u00e9es personnelles selon la l\u00e9gislation fran\u00e7aise et europ\u00e9enne en vigueur. Aucune donn\u00e9e personnelle n\u2019est demand\u00e9e aux visiteurs pour leur permettre de consulter le site Internet www.lsvr-solutions.com<br \/>La pr\u00e9sente politique de confidentialit\u00e9, d\u00e9sign\u00e9e ci-apr\u00e8s la \u00ab Politique \u00bb, expose nos pratiques concernant les informations que nous pouvons collecter sur le Site et leur utilisation.<\/p><h2 class=\"h3 mt-4 mt-md-5\">Identit\u00e9 du responsable de traitement<\/h2><p>La soci\u00e9t\u00e9 LSVR Solutions telle qu\u2019identifi\u00e9e ci-dessous, agit en qualit\u00e9 de Responsable de traitement \u00e0 l\u2019\u00e9gard des donn\u00e9es personnelles collect\u00e9es sur le Site dans sa version fran\u00e7aise :<\/p><ul class=\"mb-0\"><li><strong>LSVR Solutions<\/strong><\/li><li>SIRET : 84024602900028<\/li><li>Si\u00e8ge social : 79 RUE DU NORDFELD 68100 MULHOUSE<\/li><\/ul><h2 class=\"h3 mt-4 mt-md-5\">Port\u00e9e et acceptation de la pr\u00e9sente politique<\/h2><p>La pr\u00e9sente Politique s\u2019applique uniquement aux informations collect\u00e9es \u00e0 partir de notre Site et ne s\u2019applique pas aux informations collect\u00e9es \u00e0 partir d\u2019autres sources, notamment, sans que cette liste ne soit limit\u00e9e, Facebook\u00ae, Twitter\u00ae, YouTube\u00ae ou tout autre site ou r\u00e9seaux social tiers. En utilisant notre Site, vous acceptez les termes de la pr\u00e9sente Politique. Si vous refusez les termes de la pr\u00e9sente Politique, nous vous invitons \u00e0 ne pas utiliser notre Site ou \u00e0 ne pas nous transmettre d\u2019information \u00e0 caract\u00e8re personnel.<\/p><h2 class=\"h3 mt-4 mt-md-5\">Donn\u00e9es collect\u00e9es sur notre site<\/h2><p>Nous collectons et conservons certaines donn\u00e9es \u00e0 caract\u00e8re personnel vous concernant (c\u2019est-\u00e0-dire les informations qui permettent de vous identifier directement ou indirectement) ci-apr\u00e8s \u00ab Donn\u00e9es personnelles \u00bb, et ce, uniquement lorsque vous les communiquez volontairement sur notre Site. Nous traitons notamment, vos nom, pr\u00e9nom, adresse \u00e9lectronique, adresse IP, etc. Nous pouvons \u00eatre amen\u00e9s \u00e0 vous demander de nous communiquer des Donn\u00e9es personnelles, notamment dans les cas suivants : lorsque vous remplissez des formulaires pour cr\u00e9er un compte ou pour acc\u00e9der \u00e0 nos services quand vous souhaitez nous faire part de vos commentaires ou nous transmettre vos questions lorsque vous souhaitez recevoir des informations concernant nos produits ou services lorsque vous participez \u00e0 nos actions promotionnelles, telles que les jeux et concours lorsque vous souhaitez contacter notre Service Client lorsque vous souhaitez acc\u00e9der \u00e0 d\u2019autres rubriques ou fonctionnalit\u00e9s du Site Lorsque vous naviguez sur notre Site, LSVR Solutions ne que les Donn\u00e9es personnelles que vous nous fournissez volontairement, \u00e0 l\u2019exception de certains \u00e9l\u00e9ments de donn\u00e9es \u00e0 caract\u00e8re personnel collect\u00e9es automatiquement par les syst\u00e8mes d\u2019information et programmes utilis\u00e9s pour le fonctionnement du Site et dont la transmission est inh\u00e9rente \u00e0 l\u2019utilisation d\u2019internet. Nous vous demanderons uniquement les informations strictement n\u00e9cessaires \u00e0 votre participation aux activit\u00e9s de notre Site. A cet effet, le caract\u00e8re facultatif ou obligatoire des Donn\u00e9es personnelles demand\u00e9es vous est signal\u00e9 par un ast\u00e9risque ou tout autre moyen.<\/p><h2 class=\"h3 mt-4 mt-md-5\">Finalit\u00e9s de la collecte des donn\u00e9es personnelles<\/h2><p>Chaque formulaire pr\u00e9sent sur le site restreint au strict n\u00e9cessaire la collecte des donn\u00e9es personnelles et indique syst\u00e9matiquement : les finalit\u00e9s de la collecte des donn\u00e9es personnelles le caract\u00e8re obligatoire ou facultatif des donn\u00e9es En aucun cas LSVR Solutions<br \/>ne pourra utiliser ces donn\u00e9es personnelles pour une finalit\u00e9 autre que celle(s) explicitement annonc\u00e9e(s) sur le formulaire et accept\u00e9e(s) par l\u2019internaute. De m\u00eame, ces donn\u00e9es personnelles ne pourront \u00eatre transmises ou c\u00e9d\u00e9es \u00e0 des tiers sans une mention explicite de cette possibilit\u00e9 sur le formulaire.<\/p><h2 class=\"h3 mt-4 mt-md-5\">Destinataire des donn\u00e9es personnelles<\/h2><p>Les donn\u00e9es personnelles collect\u00e9es sur notre Site sont destin\u00e9es \u00e0 LSVR Solutions. Le cas \u00e9ch\u00e9ant, vos Donn\u00e9es personnelles peuvent \u00eatre communiqu\u00e9es \u00e0 nos partenaires commerciaux pour leur propre activit\u00e9 en conformit\u00e9 avec les bases l\u00e9gales applicables. Enfin, LSVR Solutions peut \u00eatre amen\u00e9 \u00e0 divulguer les Donn\u00e9es personnelles aux autorit\u00e9s judiciaires, aux forces de l\u2019ordre ou \u00e0 toute autre autorit\u00e9 lorsque cela est requis par la loi. DUR\u00c9E DE CONSERVATION LSVR Solutions conservera vos Donn\u00e9es personnelles pendant la dur\u00e9e n\u00e9cessaire ou pour la dur\u00e9e requise par la loi en vigueur. VOS DROITS Conform\u00e9ment \u00e0 la loi \u00ab Informatique et Libert\u00e9s \u00bb du 6 janvier 1978 (art. 34), vous disposez d\u2019un droit d\u2019acc\u00e8s, de modification, de rectification et de suppression des donn\u00e9es qui vous concernent. Pour exercer ce droit, vous pouvez contacter le service concern\u00e9 de LSVR Solutions par courrier postal \u00e0 l\u2019adresse suivante : 79 RUE DU NORDFELD 68100 MULHOUSE Conform\u00e9ment \u00e0 la r\u00e9glementation en vigueur, votre demande doit \u00eatre sign\u00e9e et accompagn\u00e9e de la photocopie d\u2019un titre d\u2019identit\u00e9 portant votre signature et pr\u00e9ciser l\u2019adresse \u00e0 laquelle doit vous parvenir la r\u00e9ponse. Une r\u00e9ponse vous sera alors adress\u00e9e dans un d\u00e9lai de 2 mois suivant la r\u00e9ception de la demande. S\u00c9CURIT\u00c9 La s\u00e9curit\u00e9 de vos Donn\u00e9es personnelles est tr\u00e8s importante pour nous. Les donn\u00e9es personnelles recueillies sur le site www.lsvr-solutions.com sont trait\u00e9es selon des protocoles s\u00e9curis\u00e9s qui limitent consid\u00e9rablement les risques d\u2019interception ou de r\u00e9cup\u00e9ration par des tiers. Toutefois, en raison de la nature ouverte du r\u00e9seau internet, nous ne pouvons pas exclure les actes de piratage, ou l\u2019acc\u00e8s non autoris\u00e9 des tiers. En continuant \u00e0 utiliser notre Site, vous acceptez ces risques. Dans la limite de ce qui est autoris\u00e9 par les lois en vigueur nous d\u00e9clinons toute responsabilit\u00e9 en cas de dommage direct ou indirect, des pertes, co\u00fbts, que ce soit contractuelle, d\u00e9lictuelle, y compris par n\u00e9gligence, que vous pourriez subir en cas d\u2019acc\u00e8s non autoris\u00e9, de perte ou d\u2019alt\u00e9ration de vos donn\u00e9es personnelles.<\/p>\t\t\t\t\t\t\t\t<\/div>\n\t\t\t\t<\/div>\n\t\t\t\t\t<\/div>\n\t\t<\/div>\n\t\t\t\t\t<\/div>\n\t\t<\/section>\n\t\t\t\t<\/div>","protected":false},"excerpt":{"rendered":"<p>LSVR Solutions accorde une importance toute particuli\u00e8re au droit \u00e0 la vie priv\u00e9e des internautes et s\u2019engage \u00e0 prot\u00e9ger leurs donn\u00e9es personnelles selon la l\u00e9gislation fran\u00e7aise et europ\u00e9enne en vigueur.&hellip;<\/p>","protected":false},"author":1,"featured_media":0,"parent":0,"menu_order":0,"comment_status":"closed","ping_status":"closed","template":"","meta":{"footnotes":""},"class_list":["post-18251","page","type-page","status-publish","hentry"],"_links":{"self":[{"href":"https:\/\/www.lsvr-solutions.com\/en\/wp-json\/wp\/v2\/pages\/18251","targetHints":{"allow":["GET"]}}],"collection":[{"href":"https:\/\/www.lsvr-solutions.com\/en\/wp-json\/wp\/v2\/pages"}],"about":[{"href":"https:\/\/www.lsvr-solutions.com\/en\/wp-json\/wp\/v2\/types\/page"}],"author":[{"embeddable":true,"href":"https:\/\/www.lsvr-solutions.com\/en\/wp-json\/wp\/v2\/users\/1"}],"replies":[{"embeddable":true,"href":"https:\/\/www.lsvr-solutions.com\/en\/wp-json\/wp\/v2\/comments?post=18251"}],"version-history":[{"count":4,"href":"https:\/\/www.lsvr-solutions.com\/en\/wp-json\/wp\/v2\/pages\/18251\/revisions"}],"predecessor-version":[{"id":18256,"href":"https:\/\/www.lsvr-solutions.com\/en\/wp-json\/wp\/v2\/pages\/18251\/revisions\/18256"}],"wp:attachment":[{"href":"https:\/\/www.lsvr-solutions.com\/en\/wp-json\/wp\/v2\/media?parent=18251"}],"curies":[{"name":"wp","href":"https:\/\/api.w.org\/{rel}","templated":true}]}}