{"id":18244,"date":"2023-03-17T09:33:22","date_gmt":"2023-03-17T08:33:22","guid":{"rendered":"https:\/\/www.lsvr-solutions.com\/?page_id=18244"},"modified":"2023-03-17T09:58:04","modified_gmt":"2023-03-17T08:58:04","slug":"mentions-legales","status":"publish","type":"page","link":"https:\/\/www.lsvr-solutions.com\/en\/mentions-legales\/","title":{"rendered":"Legals"},"content":{"rendered":"<div data-elementor-type=\"wp-page\" data-elementor-id=\"18244\" class=\"elementor elementor-18244\" data-elementor-post-type=\"page\">\n\t\t\t\t\t\t<section class=\"elementor-section elementor-top-section elementor-element elementor-element-94d4814 elementor-section-boxed elementor-section-height-default elementor-section-height-default sc_fly_static\" data-id=\"94d4814\" data-element_type=\"section\" data-e-type=\"section\">\n\t\t\t\t\t\t<div class=\"elementor-container elementor-column-gap-extended\">\n\t\t\t\t\t<div class=\"elementor-column elementor-col-100 elementor-top-column elementor-element elementor-element-3910ac9 sc_content_align_inherit sc_layouts_column_icons_position_left sc_fly_static\" data-id=\"3910ac9\" data-element_type=\"column\" data-e-type=\"column\">\n\t\t\t<div class=\"elementor-widget-wrap elementor-element-populated\">\n\t\t\t\t\t\t<div class=\"elementor-element elementor-element-0af5d10 sc_fly_static elementor-widget elementor-widget-text-editor\" data-id=\"0af5d10\" data-element_type=\"widget\" data-e-type=\"widget\" data-widget_type=\"text-editor.default\">\n\t\t\t\t<div class=\"elementor-widget-container\">\n\t\t\t\t\t\t\t\t\t<h2 class=\"h3\">Edition<\/h2><p>Le site www.lsvr-solutions.com est la propri\u00e9t\u00e9 pleine et enti\u00e8re de LSVR Solutions.<\/p><ul class=\"mb-0\"><li><strong>LSVR Solutions<\/strong><\/li><li>SIRET : 84024602900028<\/li><li>Num\u00e9ro T.V.A : FR69840246029<\/li><li>Si\u00e8ge social : 79 RUE DU NORDFELD 68100 MULHOUSE<\/li><li>T\u00e9l\u00e9phone : +33 (0)389442593<\/li><\/ul><h2 class=\"h3 mt-4 mt-md-5\">Marques \u2013 Propri\u00e9t\u00e9 intellectuelle<\/h2><p>Tous les noms et marques de produits ou autres marques cit\u00e9s sur ce site sont d\u00e9pos\u00e9s par leurs propri\u00e9taires respectifs. Les sources mentionn\u00e9es conservent leurs droits. Tous les textes, photos, vid\u00e9os, images, dessins, s\u00e9quences anim\u00e9es et toutes \u0153uvres consultables sur le site sont prot\u00e9g\u00e9s par des droits d\u2019auteur. Toute reproduction, m\u00eame partielle doit faire l\u2019oeuvre d\u2019une demande au responsable de la publication ou au webmaster.<\/p><h2 class=\"h3 mt-4 mt-md-5\">Dysfonctionnement \u2013 Virus<\/h2><p>Le propri\u00e9taire du site ne pourra \u00eatre tenu responsable des dommages directs ou indirects, r\u00e9sultant de l\u2019utilisation de ce site Web, ou de l\u2019impossibilit\u00e9 pour un tiers de l\u2019utiliser, ou d\u2019un mauvais fonctionnement, d\u2019une interruption, d\u2019un virus ou encore d\u2019un probl\u00e8me de ligne ou de syst\u00e8me.<\/p><h2 class=\"h3 mt-4 mt-md-5\">Cookies<\/h2><p>Pour des besoins de statistiques et d\u2019affichage, ce site utilise des cookies. Il s\u2019agit de petits fichiers textes stock\u00e9s sur votre disque dur afin d\u2019enregistrer des donn\u00e9es techniques sur votre navigation. Certaines parties de ce site ne peuvent \u00eatre fonctionnelle sans l\u2019acceptation de cookies.<\/p><h2 class=\"h3 mt-4 mt-md-5\">Responsabilit\u00e9<\/h2><p>Le contenu et l\u2019environnement des sites ext\u00e9rieurs auxquels le site www.lsvr-solutions.com<br \/>peut renvoyer (notamment par l\u2019interm\u00e9diaire de liens hypertextes) n\u2019engagent pas la responsabilit\u00e9 de LSVR Solutions.<\/p><p>La mise en place de liens hypertextes par des tiers vers des pages ou des documents du site de LSVR Solutions est autoris\u00e9e sous r\u00e9serve que les liens ne contreviennent pas aux int\u00e9r\u00eats de LSVR Solutions et qu\u2019ils garantissent la possibilit\u00e9 pour l\u2019utilisateur d\u2019identifier l\u2019origine et l\u2019auteur du document.<\/p><p>La responsabilit\u00e9 de LSVR Solutions ne peut, en aucune mani\u00e8re, \u00eatre engag\u00e9e quant au contenu des informations figurant sur ce site ou aux cons\u00e9quences pouvant r\u00e9sulter de leur utilisation ou interpr\u00e9tation.<\/p><p>La consultation du site www.lsvr-solutions.com<br \/>pr\u00e9suppose que l\u2019internaute en accepte les termes et conditions pr\u00e9cis\u00e9s ci-dessus.<\/p><h2 class=\"h3 mt-4 mt-md-5\">R\u00e9alisation \u2013 H\u00e9bergement<\/h2><p><a href=\"https:\/\/www.ukoo.fr\/\" target=\"_blank\" rel=\"noopener\"><img decoding=\"async\" src=\"https:\/\/www.ukoo.fr\/images\/logos\/logo_ukoo_fond_blanc.png\" \/><\/a><\/p><ul><li><strong>Ukoo SAS<\/strong><\/li><li>Si\u00e8ge social : 7 avenue du Mar\u00e9chal Foch 68100 Mulhouse \u2013 France<\/li><li>T\u00e9l\u00e9phone : +33 (0)3 89 64 05 12<\/li><li>Site web :\u00a0<a href=\"https:\/\/www.ukoo.fr\/\" target=\"_blank\" rel=\"noopener\">www.ukoo.fr<\/a><\/li><\/ul>\t\t\t\t\t\t\t\t<\/div>\n\t\t\t\t<\/div>\n\t\t\t\t\t<\/div>\n\t\t<\/div>\n\t\t\t\t\t<\/div>\n\t\t<\/section>\n\t\t\t\t<\/div>","protected":false},"excerpt":{"rendered":"<p>Edition Le site www.lsvr-solutions.com est la propri\u00e9t\u00e9 pleine et enti\u00e8re de LSVR Solutions. LSVR Solutions SIRET : 84024602900028 Num\u00e9ro T.V.A : FR69840246029 Si\u00e8ge social : 79 RUE DU NORDFELD 68100&hellip;<\/p>","protected":false},"author":1,"featured_media":0,"parent":0,"menu_order":0,"comment_status":"closed","ping_status":"closed","template":"","meta":{"footnotes":""},"class_list":["post-18244","page","type-page","status-publish","hentry"],"_links":{"self":[{"href":"https:\/\/www.lsvr-solutions.com\/en\/wp-json\/wp\/v2\/pages\/18244","targetHints":{"allow":["GET"]}}],"collection":[{"href":"https:\/\/www.lsvr-solutions.com\/en\/wp-json\/wp\/v2\/pages"}],"about":[{"href":"https:\/\/www.lsvr-solutions.com\/en\/wp-json\/wp\/v2\/types\/page"}],"author":[{"embeddable":true,"href":"https:\/\/www.lsvr-solutions.com\/en\/wp-json\/wp\/v2\/users\/1"}],"replies":[{"embeddable":true,"href":"https:\/\/www.lsvr-solutions.com\/en\/wp-json\/wp\/v2\/comments?post=18244"}],"version-history":[{"count":7,"href":"https:\/\/www.lsvr-solutions.com\/en\/wp-json\/wp\/v2\/pages\/18244\/revisions"}],"predecessor-version":[{"id":18261,"href":"https:\/\/www.lsvr-solutions.com\/en\/wp-json\/wp\/v2\/pages\/18244\/revisions\/18261"}],"wp:attachment":[{"href":"https:\/\/www.lsvr-solutions.com\/en\/wp-json\/wp\/v2\/media?parent=18244"}],"curies":[{"name":"wp","href":"https:\/\/api.w.org\/{rel}","templated":true}]}}